{"id":157,"date":"2019-12-04T11:11:48","date_gmt":"2019-12-04T11:11:48","guid":{"rendered":"http:\/\/robdavies.berlin\/?page_id=157"},"modified":"2024-04-20T12:23:08","modified_gmt":"2024-04-20T11:23:08","slug":"about-me","status":"publish","type":"page","link":"https:\/\/robdavies.berlin\/de\/","title":{"rendered":"Uber mich"},"content":{"rendered":"<section class=\"fw-main-row\"  >\n\t<div class=\"fw-container\">\n\t\t<div class=\"row\">\n\t\r\n\r\n<div class=\"col-xs-12 col-sm-12\">\r\n    <div id=\"col_inner_877489360620b3037fc9b064f63a7372\" class=\"fw-col-inner\" data-paddings=\"0px 0px 0px 0px\">\r\n    \t\n<div id=\"home_content_954218bfd87cb3b458721f4a70135965\" class=\"home-content\">\n    <div class=\"row flex-v-align\">\n        <div class=\"col-sm-12 col-md-5 col-lg-5\">\n            <div class=\"home-photo\">\n                <div class=\"hp-inner without-move\"><\/div>\n            <\/div>\n        <\/div>\n\n        <div class=\"col-sm-12 col-md-7 col-lg-7\">\n            <div class=\"home-text hp-left\">\n                                <div class=\"owl-carousel text-rotation\">                                    \n                                            <div class=\"item\">\n                            <h4>B2B Tech Marketing Leader<\/h4>\n                        <\/div>\n                                    <\/div>\n                                <h1>Rob Davies<\/h1>\n                <p>Erfolgreiche F\u00fchrungskraft im B2B-Marketing mit umfassender Erfahrung <br>in der Steigerung von Kundenzahlen und Umsatz f\u00fcr Technologieunternehmen.<\/p>\n                                   <div class=\"home-buttons\">\n                                            <a href=\"https:\/\/robdavies.berlin\/de\/contact\/\" target=\"_self\" id=\"423c4c13dff2d691ee3b57829863a142\" class=\"btn btn-primary\">Kontakt<\/a>\n                                        <\/div>\n                                <\/div>\n        <\/div>\n    <\/div>\n<\/div>\n\n\t<div class=\"fw-divider-space\" style=\"padding-top: 50px;\"><\/div>\n\t<\/div>\r\n<\/div>\r\n<\/div>\n\n<div class=\"row\">\n\t\r\n\r\n<div class=\"col-xs-12 col-sm-12\">\r\n    <div id=\"col_inner_c2094ed9c996102f2ef70b6125c4fbf5\" class=\"fw-col-inner\" data-paddings=\"0px 0px 0px 0px\">\r\n    \t\n<div class=\"block-title\">\n    <h2>Mein Beruf<\/h2>\n<\/div>\n\t<\/div>\r\n<\/div>\r\n<\/div>\n\n<div class=\"row\">\n\t\r\n\r\n<div class=\"col-xs-12 col-sm-6\">\r\n    <div id=\"col_inner_3fa94961ec32117c71b91b80d4565769\" class=\"fw-col-inner\" data-paddings=\"0px 0px 0px 0px\">\r\n    \t\n<div id=\"info-list-69fb321babe7b\" class=\"info-list-w-icon\">\n\t\n\t\t\t<div class=\"info-block-w-icon\">\n\t\t    <div class=\"ci-icon\">\n\t\t        \t\t        \t                        <i class=\"unycon unycon-building3\"><\/i>\n\t\t                \t\t    <\/div>\n\t\t    <div class=\"ci-text\">\n\t\t        <h4>B2B Marketing<\/h4>\n\t\t        \t\t        <p>Neue Kunden zu finden, anzusprechen, zu begeistern und auszubauen, ist der Schl\u00fcssel zum Erfolg eines jeden B2B-Unternehmens. Ich konzentriere mich auf Technologieprodukte und -dienstleistungen und helfe Unternehmen bei der Entwicklung und Umsetzung von digitalen Marketingstrategien und -taktiken, die zu Ergebnissen f\u00fchren.<\/p>\n\t\t        \t\t    <\/div>\n\t\t<\/div>\n\t\t\t<div class=\"info-block-w-icon\">\n\t\t    <div class=\"ci-icon\">\n\t\t        \t\t        \t                        <i class=\"unycon unycon-controls\"><\/i>\n\t\t                \t\t    <\/div>\n\t\t    <div class=\"ci-text\">\n\t\t        <h4>Marketing Operations<\/h4>\n\t\t        \t\t        <p>Eine Marketingstrategie ist nur so gut wie die F\u00e4higkeit, sie umzusetzen. Ich unterst\u00fctze Unternehmen dabei, die richtigen Mitarbeiter, Prozesse und digitalen Tools zu haben, um den Erfolg ihrer Marketingaktivit\u00e4ten auf vorhersehbare und skalierbare Weise zu entwickeln, durchzuf\u00fchren und zu messen.<\/p>\n\t\t        \t\t    <\/div>\n\t\t<\/div>\n\t<\/div>\n\t<\/div>\r\n<\/div>\r\n\r\n\r\n<div class=\"col-xs-12 col-sm-6\">\r\n    <div id=\"col_inner_931ccceee4bc772acc2735fc06fc1c62\" class=\"fw-col-inner\" data-paddings=\"0px 0px 0px 0px\">\r\n    \t\n<div id=\"info-list-69fb321bac0d2\" class=\"info-list-w-icon\">\n\t\n\t\t\t<div class=\"info-block-w-icon\">\n\t\t    <div class=\"ci-icon\">\n\t\t        \t\t        \t                        <i class=\"unycon unycon-darts\"><\/i>\n\t\t                \t\t    <\/div>\n\t\t    <div class=\"ci-text\">\n\t\t        <h4>Marketing-Strategie<\/h4>\n\t\t        \t\t        <p>Von der Kundenforschung bis hin zur Entwicklung von Wertangeboten ist eine gr\u00fcndliche Marketingstrategie der Schl\u00fcssel, <br>um sicherzustellen, dass Ihr Unternehmen Werte f\u00fcr und von den Kunden schafft, die Sie bedienen. Ich helfe Organisationen, von Start-ups bis hin zu gro\u00dfen Unternehmen, ihren Marketingerfolg zu planen.<\/p>\n\t\t        \t\t    <\/div>\n\t\t<\/div>\n\t\t\t<div class=\"info-block-w-icon\">\n\t\t    <div class=\"ci-icon\">\n\t\t        \t\t        \t                        <i class=\"unycon unycon-graduation-hat\"><\/i>\n\t\t                \t\t    <\/div>\n\t\t    <div class=\"ci-text\">\n\t\t        <h4>F\u00fchrung &amp; Coaching<\/h4>\n\t\t        \t\t        <p>With 20 years marketing experience behind me, my goal is to share my skills and knowledge with others, supporting their path to success. From building and coaching teams, to goal setting and measuring performance, I help organisations get the maximum from their marketing talent.<\/p>\n\t\t        \t\t    <\/div>\n\t\t<\/div>\n\t<\/div>\n\t<\/div>\r\n<\/div>\r\n<\/div>\n\n<div class=\"row\">\n\t\r\n\r\n<div class=\"col-xs-12 col-sm-12\">\r\n    <div id=\"col_inner_28268963d54f17fbf0a61a920e475dcf\" class=\"fw-col-inner\" data-paddings=\"0px 0px 0px 0px\">\r\n    \t\n\t<div class=\"fw-divider-space\" style=\"padding-top: 20px;\"><\/div>\n\n<div class=\"block-title\">\n    <h2>Was Menschen sagen<\/h2>\n<\/div>\n\n\n<div id=\"testimonials_f297ab5bd43f90472fa9bd5a896eb14a\" class=\"testimonials owl-carousel\" data-mobile-items=\"1\" data-tablet-items=\"2\" data-items=\"2\">\n\n\t\t\t<!-- Testimonial testimonials-69fb321bac64f -->\n\n\t\t<div class=\"testimonial-item testimonial-testimonials-69fb321bac64f\">\n\n            <!-- Testimonial Content -->\n            <div class=\"testimonial-content\">\n                <!-- Picture -->\n                <div class=\"testimonial-picture\">\n                    \t\t\t\t\t<img decoding=\"async\" src=\"\/\/robdavies.berlin\/wp-content\/uploads\/2022\/01\/1589310863586.jpeg\" alt=\"Renato Beninato\"\/>\n                <\/div>              \n                <!-- \/Picture -->\n\n                <!-- Testimonial Text -->\n                <div class=\"testimonial-text\">\n                    \t\t\t\t\t   <p>Neben seiner Kreativit\u00e4t und seinen Managementf\u00e4higkeiten lernt Rob auch schnell. Einer meiner besten Mitarbeiter \u00fcberhaupt.<\/p>\n                                    <\/div>\n                <!-- \/Testimonial Text -->\n\n                <!-- Testimonial author information -->\n                <div class=\"testimonial-author-info\">\n                    <h5 class=\"testimonial-author\">Renato Beninato<\/h5>\n                                    <\/div>\n                <!-- \/Testimonial author information -->\n\n                <div class=\"testimonial-icon\">\n                    <i class=\"fa fa-quote-left\"><\/i>\n                <\/div>\n\n                 <div class=\"testimonial-icon-big\">\n                    <i class=\"fa fa-quote-right\"><\/i>\n                <\/div>\n            <\/div>\n            <!-- \/Testimonial Content -->\n\n        <\/div>\n\t\t<!-- End of Testimonial testimonials-69fb321bac64f -->\n\t\t\t<!-- Testimonial testimonials-69fb321bac64f -->\n\n\t\t<div class=\"testimonial-item testimonial-testimonials-69fb321bac64f\">\n\n            <!-- Testimonial Content -->\n            <div class=\"testimonial-content\">\n                <!-- Picture -->\n                <div class=\"testimonial-picture\">\n                    \t\t\t\t\t<img decoding=\"async\" src=\"\/\/robdavies.berlin\/wp-content\/uploads\/2022\/01\/1516268044720.jpeg\" alt=\"Adam Blau\"\/>\n                <\/div>              \n                <!-- \/Picture -->\n\n                <!-- Testimonial Text -->\n                <div class=\"testimonial-text\">\n                    \t\t\t\t\t   <p>Rob liebt das von ihm gew\u00e4hlte Fachgebiet, und zusammen mit seinem guten Gesch\u00e4ftssinn w\u00e4re er eine gro\u00dfe Bereicherung f\u00fcr jedes Unternehmen, das diese Qualit\u00e4ten sucht.<\/p>\n                                    <\/div>\n                <!-- \/Testimonial Text -->\n\n                <!-- Testimonial author information -->\n                <div class=\"testimonial-author-info\">\n                    <h5 class=\"testimonial-author\">Adam Blau<\/h5>\n                                    <\/div>\n                <!-- \/Testimonial author information -->\n\n                <div class=\"testimonial-icon\">\n                    <i class=\"fa fa-quote-left\"><\/i>\n                <\/div>\n\n                 <div class=\"testimonial-icon-big\">\n                    <i class=\"fa fa-quote-right\"><\/i>\n                <\/div>\n            <\/div>\n            <!-- \/Testimonial Content -->\n\n        <\/div>\n\t\t<!-- End of Testimonial testimonials-69fb321bac64f -->\n\t\t\t<!-- Testimonial testimonials-69fb321bac64f -->\n\n\t\t<div class=\"testimonial-item testimonial-testimonials-69fb321bac64f\">\n\n            <!-- Testimonial Content -->\n            <div class=\"testimonial-content\">\n                <!-- Picture -->\n                <div class=\"testimonial-picture\">\n                    \t\t\t\t\t<img decoding=\"async\" src=\"\/\/robdavies.berlin\/wp-content\/uploads\/2022\/01\/1629999623538.jpeg\" alt=\"Valarie Badame\"\/>\n                <\/div>              \n                <!-- \/Picture -->\n\n                <!-- Testimonial Text -->\n                <div class=\"testimonial-text\">\n                    \t\t\t\t\t   <p>Robs Vorantreiben von Initiativen zur Verbesserung der Kundenerfahrung und seine Etablierung und Entwicklung der digitalen Strategie von Milengo zeugen von dem gro\u00dfen Wert, den er f\u00fcr jedes Unternehmen darstellt.<\/p>\n                                    <\/div>\n                <!-- \/Testimonial Text -->\n\n                <!-- Testimonial author information -->\n                <div class=\"testimonial-author-info\">\n                    <h5 class=\"testimonial-author\">Valarie Badame<\/h5>\n                                    <\/div>\n                <!-- \/Testimonial author information -->\n\n                <div class=\"testimonial-icon\">\n                    <i class=\"fa fa-quote-left\"><\/i>\n                <\/div>\n\n                 <div class=\"testimonial-icon-big\">\n                    <i class=\"fa fa-quote-right\"><\/i>\n                <\/div>\n            <\/div>\n            <!-- \/Testimonial Content -->\n\n        <\/div>\n\t\t<!-- End of Testimonial testimonials-69fb321bac64f -->\n\t\t\t<!-- Testimonial testimonials-69fb321bac64f -->\n\n\t\t<div class=\"testimonial-item testimonial-testimonials-69fb321bac64f\">\n\n            <!-- Testimonial Content -->\n            <div class=\"testimonial-content\">\n                <!-- Picture -->\n                <div class=\"testimonial-picture\">\n                    \t\t\t\t\t<img decoding=\"async\" src=\"\/\/robdavies.berlin\/wp-content\/uploads\/2022\/01\/1516280373367.jpeg\" alt=\"Emmanual Margetic\"\/>\n                <\/div>              \n                <!-- \/Picture -->\n\n                <!-- Testimonial Text -->\n                <div class=\"testimonial-text\">\n                    \t\t\t\t\t   <p>Rob steht definitiv ganz oben auf meiner Liste der Dienstleister. Aus meiner pers\u00f6nlichen Erfahrung heraus kann ich Rob f\u00fcr die Gestaltung und Erstellung gro\u00dfartiger Marketing-Assets und -Inhalte nur empfehlen.<\/p>\n                                    <\/div>\n                <!-- \/Testimonial Text -->\n\n                <!-- Testimonial author information -->\n                <div class=\"testimonial-author-info\">\n                    <h5 class=\"testimonial-author\">Emmanual Margetic<\/h5>\n                                    <\/div>\n                <!-- \/Testimonial author information -->\n\n                <div class=\"testimonial-icon\">\n                    <i class=\"fa fa-quote-left\"><\/i>\n                <\/div>\n\n                 <div class=\"testimonial-icon-big\">\n                    <i class=\"fa fa-quote-right\"><\/i>\n                <\/div>\n            <\/div>\n            <!-- \/Testimonial Content -->\n\n        <\/div>\n\t\t<!-- End of Testimonial testimonials-69fb321bac64f -->\n\t<\/div>\n\n\t<div class=\"fw-divider-space\" style=\"padding-top: 20px;\"><\/div>\n\n<div class=\"block-title\">\n    <h2>Kunden<\/h2>\n<\/div>\n\n<div id=\"clients_ea5ef3c3560c2e0e923f56acc53b32d4\" class=\"clients owl-carousel\" data-mobile-items=\"1\" data-tablet-items=\"3\" data-items=\"6\">\n\n\t\t\t<div class=\"client-block\">\n\t\t\t\t\t\t<a href=\"#\" target=\"_blank\" title=\"Johnson &amp; Johnson\">\n\t\t\t\n\t\t\t\t\t\t\t\t<img decoding=\"async\" src=\"\/\/robdavies.berlin\/wp-content\/uploads\/2022\/01\/JJ.png\" alt=\"Johnson &amp; Johnson\">\n\n\t\t\t\t\t\t<\/a>\n\t\t\t\t\t<\/div>\n\t\t\t<div class=\"client-block\">\n\t\t\t\t\t\t<a href=\"#\" target=\"_blank\" title=\"T-Mobile\">\n\t\t\t\n\t\t\t\t\t\t\t\t<img decoding=\"async\" src=\"\/\/robdavies.berlin\/wp-content\/uploads\/2022\/01\/t-mobile.png\" alt=\"T-Mobile\">\n\n\t\t\t\t\t\t<\/a>\n\t\t\t\t\t<\/div>\n\t\t\t<div class=\"client-block\">\n\t\t\t\t\t\t<a href=\"#\" target=\"_blank\" title=\"Hewlett Packard Enterprise\">\n\t\t\t\n\t\t\t\t\t\t\t\t<img decoding=\"async\" src=\"\/\/robdavies.berlin\/wp-content\/uploads\/2022\/01\/hpe.png\" alt=\"Hewlett Packard Enterprise\">\n\n\t\t\t\t\t\t<\/a>\n\t\t\t\t\t<\/div>\n\t\t\t<div class=\"client-block\">\n\t\t\t\t\t\t<a href=\"https:\/\/www.lenovo.com\/gb\/en\/data-center\/?IPromoID=LEN503298\" target=\"_blank\" title=\"Lenovo\">\n\t\t\t\n\t\t\t\t\t\t\t\t<img decoding=\"async\" src=\"\/\/robdavies.berlin\/wp-content\/uploads\/2022\/01\/lenovo.png\" alt=\"Lenovo\">\n\n\t\t\t\t\t\t<\/a>\n\t\t\t\t\t<\/div>\n\t\t\t<div class=\"client-block\">\n\t\t\t\t\t\t<a href=\"#\" target=\"_blank\" title=\"Huawei\">\n\t\t\t\n\t\t\t\t\t\t\t\t<img decoding=\"async\" src=\"\/\/robdavies.berlin\/wp-content\/uploads\/2022\/01\/huawei.png\" alt=\"Huawei\">\n\n\t\t\t\t\t\t<\/a>\n\t\t\t\t\t<\/div>\n\t\t\t<div class=\"client-block\">\n\t\t\t\t\t\t<a href=\"#\" target=\"_blank\" title=\"Cisco\">\n\t\t\t\n\t\t\t\t\t\t\t\t<img decoding=\"async\" src=\"\/\/robdavies.berlin\/wp-content\/uploads\/2022\/01\/cisco.png\" alt=\"Cisco\">\n\n\t\t\t\t\t\t<\/a>\n\t\t\t\t\t<\/div>\n\t\t\t<div class=\"client-block\">\n\t\t\t\t\t\t<a href=\"#\" target=\"_blank\" title=\"AMD\">\n\t\t\t\n\t\t\t\t\t\t\t\t<img decoding=\"async\" src=\"\/\/robdavies.berlin\/wp-content\/uploads\/2022\/01\/AMD.png\" alt=\"AMD\">\n\n\t\t\t\t\t\t<\/a>\n\t\t\t\t\t<\/div>\n\t\t\t<div class=\"client-block\">\n\t\t\t\n\t\t\t\t\t\t\t\t<img decoding=\"async\" src=\"\/\/robdavies.berlin\/wp-content\/uploads\/2022\/01\/also.png\" alt=\"ALSO\">\n\n\t\t\t\t\t<\/div>\n\t\t\t<div class=\"client-block\">\n\t\t\t\n\t\t\t\t\t\t\t\t<img decoding=\"async\" src=\"\/\/robdavies.berlin\/wp-content\/uploads\/2022\/01\/amplexor.png\" alt=\"Amplexor\">\n\n\t\t\t\t\t<\/div>\n\t\t\t<div class=\"client-block\">\n\t\t\t\n\t\t\t\t\t\t\t\t<img decoding=\"async\" src=\"\/\/robdavies.berlin\/wp-content\/uploads\/2022\/01\/milengo.png\" alt=\"Milengo\">\n\n\t\t\t\t\t<\/div>\n\t\n<\/div>\n\n\t<div class=\"fw-divider-space\" style=\"padding-top: 20px;\"><\/div>\n\t<\/div>\r\n<\/div>\r\n<\/div>\n\n\t<\/div>\n<\/section>","protected":false},"excerpt":{"rendered":"<p>B2B Tech Marketing Leader Rob Davies Accomplished B2B marketing leader with extensive experience delivering customer and revenue growth for technology companies. Contact What I Do B2B Marketing Finding, engaging with, delighting and growing customer accounts is key to the success of any B2B enterprise. With a focus on technology products and services I help organisations&#8230;<\/p>\n<p><a class=\"read-more\" href=\"https:\/\/robdavies.berlin\/de\/\">Read More<\/a><\/p>","protected":false},"author":1,"featured_media":0,"parent":0,"menu_order":0,"comment_status":"closed","ping_status":"closed","template":"","meta":{"footnotes":""},"class_list":["post-157","page","type-page","status-publish","hentry"],"_links":{"self":[{"href":"https:\/\/robdavies.berlin\/de\/wp-json\/wp\/v2\/pages\/157","targetHints":{"allow":["GET"]}}],"collection":[{"href":"https:\/\/robdavies.berlin\/de\/wp-json\/wp\/v2\/pages"}],"about":[{"href":"https:\/\/robdavies.berlin\/de\/wp-json\/wp\/v2\/types\/page"}],"author":[{"embeddable":true,"href":"https:\/\/robdavies.berlin\/de\/wp-json\/wp\/v2\/users\/1"}],"replies":[{"embeddable":true,"href":"https:\/\/robdavies.berlin\/de\/wp-json\/wp\/v2\/comments?post=157"}],"version-history":[{"count":52,"href":"https:\/\/robdavies.berlin\/de\/wp-json\/wp\/v2\/pages\/157\/revisions"}],"predecessor-version":[{"id":548,"href":"https:\/\/robdavies.berlin\/de\/wp-json\/wp\/v2\/pages\/157\/revisions\/548"}],"wp:attachment":[{"href":"https:\/\/robdavies.berlin\/de\/wp-json\/wp\/v2\/media?parent=157"}],"curies":[{"name":"wp","href":"https:\/\/api.w.org\/{rel}","templated":true}]}}